{"id":21,"date":"2025-01-02T14:08:29","date_gmt":"2025-01-02T14:08:29","guid":{"rendered":"https:\/\/teijakaarinaelisabet.fi\/?page_id=21"},"modified":"2026-02-03T11:45:47","modified_gmt":"2026-02-03T11:45:47","slug":"teija-on-line","status":"publish","type":"page","link":"https:\/\/teijakaarinaelisabet.fi\/","title":{"rendered":"Teija On Line"},"content":{"rendered":"\n<p class=\"has-black-color has-text-color has-link-color wp-elements-c60a9682c02bd8c5aa51d6fbee6bd7da\">Tervetuloa mukaan ihmettelem\u00e4\u00e4n el\u00e4m\u00e4n hetki\u00e4, ja oivaltamaan uusia oivalluksia, ja mukauttamaan ajatuksia ja suuntaviivoja aina tarpeen mukaan!<\/p>\n\n\n\n<p class=\"has-black-color has-text-color has-link-color wp-elements-56a0f7632ea3542bb7c93cfe10b54514\">Olen muutoskykyinen, olen resilientti, olen yksi tarina monien joukossa. Miulle t\u00e4rke\u00e4\u00e4 el\u00e4m\u00e4ss\u00e4 on itse el\u00e4m\u00e4, olla juuri t\u00e4ss\u00e4 hetkess\u00e4, t\u00e4ysin l\u00e4sn\u00e4. Sill\u00e4 ei ole niin v\u00e4li\u00e4 mit\u00e4 teet, vaan sill\u00e4, MITEN TEET. Joten teen sen kaikesta sielustani, ja sisimm\u00e4st\u00e4ni, kullakin hetkell\u00e4 parhaalla osaamallani tavalla. <\/p>\n\n\n\n<p>Tervetuloa my\u00f6s ihmettelem\u00e4\u00e4n piirroksiani ja sosiaalisessa mediassa k\u00e4ytt\u00e4m\u00e4\u00e4ni nime\u00e4 (Pelonteet) toiseen netin kotikoloon:<\/p>\n\n\n\n<figure class=\"wp-block-embed is-type-wp-embed is-provider-pelonteiden-kotikolo wp-block-embed-pelonteiden-kotikolo\"><div class=\"wp-block-embed__wrapper\">\nhttps:\/\/www.pelonteet.fi\n<\/div><\/figure>\n\n\n\n<p>El\u00e4m\u00e4 on kuljettanut minua monissa seikkailuissa ja olen ajatellut ett\u00e4 vieriv\u00e4 kivi ei sammaloidu \ud83d\udc8e<\/p>\n\n\n\n<hr class=\"wp-block-separator has-alpha-channel-opacity\"\/>\n\n\n\n<p class=\"has-black-color has-text-color has-link-color wp-elements-5f605beeab5e66c6ad9c8365c4a6c11f\">Olin my\u00f6s <strong>ehdolla <\/strong>vuoden 2025 kev\u00e4\u00e4n alue- ja kuntavaaleissa. <\/p>\n\n\n\n<p>Olin todella h\u00e4mmentynyt saamistani 111 \u00e4\u00e4nist\u00e4 ja kannan jokaista syd\u00e4mess\u00e4ni kiitollisuus mieless\u00e4ni. \ud83d\udc9d<\/p>\n\n\n\n<p>Mutta poliitikkoa ei minusta t\u00e4h\u00e4n maailmanaikaan syntynyt. Eik\u00e4 sen puoleen aktiivitoimijaa yhdistyksess\u00e4k\u00e4\u00e4n.<\/p>\n\n\n\n<p>Nyt siis juuri nyt en osaa sanoa mihin maailma t\u00e4st\u00e4 eteenp\u00e4in vie. Kuuletko Universumi, tyrkk\u00e4\u00e4tk\u00f6 asiassa eteenp\u00e4in? \ud83d\udc9d\ud83d\udc96\ud83d\udc9d<\/p>\n\n\n\n<figure class=\"wp-block-gallery has-nested-images columns-default is-cropped wp-block-gallery-1 is-layout-flex wp-block-gallery-is-layout-flex\">\n<figure class=\"wp-block-image size-large\"><img loading=\"lazy\" decoding=\"async\" width=\"768\" height=\"1024\" data-id=\"26\" src=\"https:\/\/teijakaarinaelisabet.fi\/wp-content\/uploads\/2025\/01\/Kuva2-768x1024.jpg\" alt=\"\" class=\"wp-image-26\" srcset=\"https:\/\/teijakaarinaelisabet.fi\/wp-content\/uploads\/2025\/01\/Kuva2-768x1024.jpg 768w, https:\/\/teijakaarinaelisabet.fi\/wp-content\/uploads\/2025\/01\/Kuva2-225x300.jpg 225w, https:\/\/teijakaarinaelisabet.fi\/wp-content\/uploads\/2025\/01\/Kuva2-1152x1536.jpg 1152w, https:\/\/teijakaarinaelisabet.fi\/wp-content\/uploads\/2025\/01\/Kuva2-1536x2048.jpg 1536w, https:\/\/teijakaarinaelisabet.fi\/wp-content\/uploads\/2025\/01\/Kuva2.jpg 1831w\" sizes=\"auto, (max-width: 768px) 100vw, 768px\" \/><\/figure>\n\n\n\n<figure class=\"wp-block-image size-large\"><img loading=\"lazy\" decoding=\"async\" width=\"768\" height=\"1024\" data-id=\"27\" src=\"https:\/\/teijakaarinaelisabet.fi\/wp-content\/uploads\/2025\/01\/Kuva3-768x1024.jpg\" alt=\"\" class=\"wp-image-27\" srcset=\"https:\/\/teijakaarinaelisabet.fi\/wp-content\/uploads\/2025\/01\/Kuva3-768x1024.jpg 768w, https:\/\/teijakaarinaelisabet.fi\/wp-content\/uploads\/2025\/01\/Kuva3-225x300.jpg 225w, https:\/\/teijakaarinaelisabet.fi\/wp-content\/uploads\/2025\/01\/Kuva3-1152x1536.jpg 1152w, https:\/\/teijakaarinaelisabet.fi\/wp-content\/uploads\/2025\/01\/Kuva3-1536x2048.jpg 1536w, https:\/\/teijakaarinaelisabet.fi\/wp-content\/uploads\/2025\/01\/Kuva3.jpg 1831w\" sizes=\"auto, (max-width: 768px) 100vw, 768px\" \/><\/figure>\n\n\n\n<figure class=\"wp-block-image size-large\"><img loading=\"lazy\" decoding=\"async\" width=\"768\" height=\"1024\" data-id=\"28\" src=\"https:\/\/teijakaarinaelisabet.fi\/wp-content\/uploads\/2025\/01\/Kuva4-768x1024.jpg\" alt=\"\" class=\"wp-image-28\" srcset=\"https:\/\/teijakaarinaelisabet.fi\/wp-content\/uploads\/2025\/01\/Kuva4-768x1024.jpg 768w, https:\/\/teijakaarinaelisabet.fi\/wp-content\/uploads\/2025\/01\/Kuva4-225x300.jpg 225w, https:\/\/teijakaarinaelisabet.fi\/wp-content\/uploads\/2025\/01\/Kuva4-1152x1536.jpg 1152w, https:\/\/teijakaarinaelisabet.fi\/wp-content\/uploads\/2025\/01\/Kuva4-1536x2048.jpg 1536w, https:\/\/teijakaarinaelisabet.fi\/wp-content\/uploads\/2025\/01\/Kuva4.jpg 1831w\" sizes=\"auto, (max-width: 768px) 100vw, 768px\" \/><\/figure>\n\n\n\n<figure class=\"wp-block-image size-large\"><img loading=\"lazy\" decoding=\"async\" width=\"768\" height=\"1024\" data-id=\"31\" src=\"https:\/\/teijakaarinaelisabet.fi\/wp-content\/uploads\/2025\/01\/Kuva7-768x1024.jpg\" alt=\"\" class=\"wp-image-31\" srcset=\"https:\/\/teijakaarinaelisabet.fi\/wp-content\/uploads\/2025\/01\/Kuva7-768x1024.jpg 768w, https:\/\/teijakaarinaelisabet.fi\/wp-content\/uploads\/2025\/01\/Kuva7-225x300.jpg 225w, https:\/\/teijakaarinaelisabet.fi\/wp-content\/uploads\/2025\/01\/Kuva7-1152x1536.jpg 1152w, https:\/\/teijakaarinaelisabet.fi\/wp-content\/uploads\/2025\/01\/Kuva7-1536x2048.jpg 1536w, https:\/\/teijakaarinaelisabet.fi\/wp-content\/uploads\/2025\/01\/Kuva7.jpg 1831w\" sizes=\"auto, (max-width: 768px) 100vw, 768px\" \/><\/figure>\n\n\n\n<figure class=\"wp-block-image size-large\"><img loading=\"lazy\" decoding=\"async\" width=\"768\" height=\"1024\" data-id=\"32\" src=\"https:\/\/teijakaarinaelisabet.fi\/wp-content\/uploads\/2025\/01\/Kuva8-768x1024.jpg\" alt=\"\" class=\"wp-image-32\" srcset=\"https:\/\/teijakaarinaelisabet.fi\/wp-content\/uploads\/2025\/01\/Kuva8-768x1024.jpg 768w, https:\/\/teijakaarinaelisabet.fi\/wp-content\/uploads\/2025\/01\/Kuva8-225x300.jpg 225w, https:\/\/teijakaarinaelisabet.fi\/wp-content\/uploads\/2025\/01\/Kuva8-1152x1536.jpg 1152w, https:\/\/teijakaarinaelisabet.fi\/wp-content\/uploads\/2025\/01\/Kuva8-1536x2048.jpg 1536w, https:\/\/teijakaarinaelisabet.fi\/wp-content\/uploads\/2025\/01\/Kuva8.jpg 1831w\" sizes=\"auto, (max-width: 768px) 100vw, 768px\" \/><\/figure>\n<\/figure>\n\n\n\n<hr class=\"wp-block-separator has-alpha-channel-opacity\"\/>\n\n\n\n<figure class=\"wp-block-image aligncenter size-large\"><img loading=\"lazy\" decoding=\"async\" width=\"769\" height=\"1024\" src=\"https:\/\/teijakaarinaelisabet.fi\/wp-content\/uploads\/2026\/02\/8FE08016-B6E4-463A-BEB8-155C08B8E5DD-769x1024.jpg\" alt=\"\" class=\"wp-image-148\" srcset=\"https:\/\/teijakaarinaelisabet.fi\/wp-content\/uploads\/2026\/02\/8FE08016-B6E4-463A-BEB8-155C08B8E5DD-769x1024.jpg 769w, https:\/\/teijakaarinaelisabet.fi\/wp-content\/uploads\/2026\/02\/8FE08016-B6E4-463A-BEB8-155C08B8E5DD-225x300.jpg 225w, https:\/\/teijakaarinaelisabet.fi\/wp-content\/uploads\/2026\/02\/8FE08016-B6E4-463A-BEB8-155C08B8E5DD-768x1023.jpg 768w, https:\/\/teijakaarinaelisabet.fi\/wp-content\/uploads\/2026\/02\/8FE08016-B6E4-463A-BEB8-155C08B8E5DD-1153x1536.jpg 1153w, https:\/\/teijakaarinaelisabet.fi\/wp-content\/uploads\/2026\/02\/8FE08016-B6E4-463A-BEB8-155C08B8E5DD-1537x2048.jpg 1537w, https:\/\/teijakaarinaelisabet.fi\/wp-content\/uploads\/2026\/02\/8FE08016-B6E4-463A-BEB8-155C08B8E5DD-scaled.jpg 1922w\" sizes=\"auto, (max-width: 769px) 100vw, 769px\" \/><figcaption class=\"wp-element-caption\">\ud83d\udc9c\ud83d\udc9c\ud83d\udc9c\ud83d\udc9c\ud83d\udc9cVoinko mie olla avuksi jossain? \ud83d\udc9c\ud83d\udc9c\ud83d\udc9c\ud83d\udc9c\ud83d\udc9c<\/figcaption><\/figure>\n","protected":false},"excerpt":{"rendered":"<p>Tervetuloa mukaan ihmettelem\u00e4\u00e4n el\u00e4m\u00e4n hetki\u00e4, ja oivaltamaan uusia oivalluksia, ja mukauttamaan ajatuksia ja suuntaviivoja aina tarpeen mukaan! Olen muutoskykyinen, olen [&hellip;]<\/p>\n","protected":false},"author":1,"featured_media":0,"parent":0,"menu_order":0,"comment_status":"closed","ping_status":"closed","template":"","meta":{"site-sidebar-layout":"default","site-content-layout":"","ast-site-content-layout":"default","site-content-style":"default","site-sidebar-style":"default","ast-global-header-display":"","ast-banner-title-visibility":"","ast-main-header-display":"","ast-hfb-above-header-display":"","ast-hfb-below-header-display":"","ast-hfb-mobile-header-display":"","site-post-title":"","ast-breadcrumbs-content":"","ast-featured-img":"","footer-sml-layout":"","ast-disable-related-posts":"","theme-transparent-header-meta":"","adv-header-id-meta":"","stick-header-meta":"","header-above-stick-meta":"","header-main-stick-meta":"","header-below-stick-meta":"","astra-migrate-meta-layouts":"default","ast-page-background-enabled":"default","ast-page-background-meta":{"desktop":{"background-color":"var(--ast-global-color-5)","background-image":"","background-repeat":"repeat","background-position":"center center","background-size":"auto","background-attachment":"scroll","background-type":"","background-media":"","overlay-type":"","overlay-color":"","overlay-opacity":"","overlay-gradient":""},"tablet":{"background-color":"","background-image":"","background-repeat":"repeat","background-position":"center center","background-size":"auto","background-attachment":"scroll","background-type":"","background-media":"","overlay-type":"","overlay-color":"","overlay-opacity":"","overlay-gradient":""},"mobile":{"background-color":"","background-image":"","background-repeat":"repeat","background-position":"center center","background-size":"auto","background-attachment":"scroll","background-type":"","background-media":"","overlay-type":"","overlay-color":"","overlay-opacity":"","overlay-gradient":""}},"ast-content-background-meta":{"desktop":{"background-color":"var(--ast-global-color-4)","background-image":"","background-repeat":"repeat","background-position":"center center","background-size":"auto","background-attachment":"scroll","background-type":"","background-media":"","overlay-type":"","overlay-color":"","overlay-opacity":"","overlay-gradient":""},"tablet":{"background-color":"var(--ast-global-color-4)","background-image":"","background-repeat":"repeat","background-position":"center center","background-size":"auto","background-attachment":"scroll","background-type":"","background-media":"","overlay-type":"","overlay-color":"","overlay-opacity":"","overlay-gradient":""},"mobile":{"background-color":"var(--ast-global-color-4)","background-image":"","background-repeat":"repeat","background-position":"center center","background-size":"auto","background-attachment":"scroll","background-type":"","background-media":"","overlay-type":"","overlay-color":"","overlay-opacity":"","overlay-gradient":""}},"footnotes":""},"class_list":["post-21","page","type-page","status-publish","hentry"],"_links":{"self":[{"href":"https:\/\/teijakaarinaelisabet.fi\/index.php?rest_route=\/wp\/v2\/pages\/21","targetHints":{"allow":["GET"]}}],"collection":[{"href":"https:\/\/teijakaarinaelisabet.fi\/index.php?rest_route=\/wp\/v2\/pages"}],"about":[{"href":"https:\/\/teijakaarinaelisabet.fi\/index.php?rest_route=\/wp\/v2\/types\/page"}],"author":[{"embeddable":true,"href":"https:\/\/teijakaarinaelisabet.fi\/index.php?rest_route=\/wp\/v2\/users\/1"}],"replies":[{"embeddable":true,"href":"https:\/\/teijakaarinaelisabet.fi\/index.php?rest_route=%2Fwp%2Fv2%2Fcomments&post=21"}],"version-history":[{"count":9,"href":"https:\/\/teijakaarinaelisabet.fi\/index.php?rest_route=\/wp\/v2\/pages\/21\/revisions"}],"predecessor-version":[{"id":149,"href":"https:\/\/teijakaarinaelisabet.fi\/index.php?rest_route=\/wp\/v2\/pages\/21\/revisions\/149"}],"wp:attachment":[{"href":"https:\/\/teijakaarinaelisabet.fi\/index.php?rest_route=%2Fwp%2Fv2%2Fmedia&parent=21"}],"curies":[{"name":"wp","href":"https:\/\/api.w.org\/{rel}","templated":true}]}}